{"id":14,"date":"2016-09-11T22:55:22","date_gmt":"2016-09-11T22:55:22","guid":{"rendered":"http:\/\/coresonic.de\/?page_id=14"},"modified":"2024-04-16T13:42:35","modified_gmt":"2024-04-16T13:42:35","slug":"infos","status":"publish","type":"page","link":"https:\/\/coresonic.de\/?page_id=14","title":{"rendered":"Infos"},"content":{"rendered":"<p><strong>Infos<br \/>\n<\/strong><\/p>\n<p>Ein qualitativ hochwertiges Mastering von einem erfahrenen Audioengineer kann auch dar\u00fcber entscheiden, ob eine Produktion auf unterschiedlichen Wiedergabeger\u00e4ten gern geh\u00f6rt wird, oder nicht. Es gibt Songs, die \u00fcber Kopfh\u00f6rer wegen Frequenzen nerven, tolle Produktionen bei denen im Club einfach nicht dazu getanzt wird, Lieder die als Hintergrundmusik unter gehen, oder Tracks, die von einem unerfahrenen Tontechniker zu Tode komprimiert wurden.<\/p>\n<p>Mastering hei\u00dft auch Vertrauen in die Erfahrung des Masteringingenieurs.<br \/>\nMit \u00fcber zwanzig Jahren Erfahrung kann ich Ihren Mix so bearbeiten, dass er im Club, auf einem kleinen Radio, auf einer Highend-Anlage, als Hintergrundmusik oder auf einem Handylautsprecher \u00fcberall optimal klingt.<\/p>\n<p><strong> Preise<\/strong><br \/>\nMastering Song (bis 10 Minuten Spiell\u00e4nge): 80,00\u20ac<br \/>\nStem-Mastering pro Song (4Stems. bis 10 Minuten Spiell\u00e4nge): 95,00\u20ac<br \/>\nAlbum-Mastering: 750,00\u20ac<br \/>\nDDP Master inkl. DDP Player: 75,00\u20ac<br \/>\nMixdown: Nach Aufwand<\/p>\n<p>Alle Preise inkl. MwSt.<\/p>\n","protected":false},"excerpt":{"rendered":"<p>Infos Ein qualitativ hochwertiges Mastering von einem erfahrenen Audioengineer kann auch dar\u00fcber entscheiden, ob eine Produktion auf unterschiedlichen Wiedergabeger\u00e4ten gern geh\u00f6rt wird, oder nicht. Es gibt Songs, die \u00fcber Kopfh\u00f6rer wegen Frequenzen nerven, tolle Produktionen bei denen im Club einfach nicht dazu getanzt wird, Lieder die als Hintergrundmusik unter gehen, oder Tracks, die von einem [&hellip;]<\/p>\n","protected":false},"author":1,"featured_media":0,"parent":0,"menu_order":0,"comment_status":"closed","ping_status":"closed","template":"","meta":[],"_links":{"self":[{"href":"https:\/\/coresonic.de\/index.php?rest_route=\/wp\/v2\/pages\/14"}],"collection":[{"href":"https:\/\/coresonic.de\/index.php?rest_route=\/wp\/v2\/pages"}],"about":[{"href":"https:\/\/coresonic.de\/index.php?rest_route=\/wp\/v2\/types\/page"}],"author":[{"embeddable":true,"href":"https:\/\/coresonic.de\/index.php?rest_route=\/wp\/v2\/users\/1"}],"replies":[{"embeddable":true,"href":"https:\/\/coresonic.de\/index.php?rest_route=%2Fwp%2Fv2%2Fcomments&post=14"}],"version-history":[{"count":22,"href":"https:\/\/coresonic.de\/index.php?rest_route=\/wp\/v2\/pages\/14\/revisions"}],"predecessor-version":[{"id":200,"href":"https:\/\/coresonic.de\/index.php?rest_route=\/wp\/v2\/pages\/14\/revisions\/200"}],"wp:attachment":[{"href":"https:\/\/coresonic.de\/index.php?rest_route=%2Fwp%2Fv2%2Fmedia&parent=14"}],"curies":[{"name":"wp","href":"https:\/\/api.w.org\/{rel}","templated":true}]}}