{"id":2,"date":"2017-05-10T03:48:21","date_gmt":"2017-05-10T03:48:21","guid":{"rendered":"http:\/\/wp452m.a10-52-158-154.qa.plesk.ru\/wordpress\/?page_id=2"},"modified":"2020-08-05T11:12:44","modified_gmt":"2020-08-05T11:12:44","slug":"sample-page","status":"publish","type":"page","link":"https:\/\/coresonic.de\/","title":{"rendered":"Home"},"content":{"rendered":"<p><strong>Willkommen auf der Homepage von Coresonic Mastering<\/strong><\/p>\n<p>Coresonic steht f\u00fcr \u00fcber zwanzig Jahre Erfahrung im Bereich Mixdown und Mastering unterschiedlichster Musikrichtungen.<\/p>\n<p>Neben dem obligatorischen High-End Equipment und meiner ausgepr\u00e4gten Liebe zur Musik, sch\u00e4tzen meine Kunden, dass man h\u00f6rt und f\u00fchlt, wie wichtig mir ihre Aufnahme ist.<br \/>\nDas f\u00e4ngt schon vor dem Mastering an, indem ich R\u00fcckmeldungen zu den Mixen gebe, auf m\u00f6gliche Probleme hinweise oder wenn n\u00f6tig Tips zur Optimierung gebe. Mastering bedeutet auch immer eine Kommunikation zwischen Mixdown-Engineer und Mastering-Engineer.<\/p>\n<p>Ob Profiproduktion oder Proberaumaufnahme, es geht immer darum, mit der Musik ein Feeling zu transportieren. Es macht mir gro\u00dfe Freude, wenn ich durch meine Arbeit dazu beitragen kann, dass dieses Feeling beim H\u00f6rer ankommt.<\/p>\n<p>Ich freue mich von Ihnen zu h\u00f6ren.<\/p>\n<p>Michael Hauff<br \/>\nDiplom Audio Engineer (SAE)<\/p>\n<p><a href=\"http:\/\/coresonic.de\/?page_id=14\">Weitere Informationen<\/a><\/p>\n","protected":false},"excerpt":{"rendered":"<p>Willkommen auf der Homepage von Coresonic Mastering Coresonic steht f\u00fcr \u00fcber zwanzig Jahre Erfahrung im Bereich Mixdown und Mastering unterschiedlichster Musikrichtungen. Neben dem obligatorischen High-End Equipment und meiner ausgepr\u00e4gten Liebe zur Musik, sch\u00e4tzen meine Kunden, dass man h\u00f6rt und f\u00fchlt, wie wichtig mir ihre Aufnahme ist. Das f\u00e4ngt schon vor dem Mastering an, indem ich [&hellip;]<\/p>\n","protected":false},"author":1,"featured_media":0,"parent":0,"menu_order":0,"comment_status":"closed","ping_status":"open","template":"","meta":[],"_links":{"self":[{"href":"https:\/\/coresonic.de\/index.php?rest_route=\/wp\/v2\/pages\/2"}],"collection":[{"href":"https:\/\/coresonic.de\/index.php?rest_route=\/wp\/v2\/pages"}],"about":[{"href":"https:\/\/coresonic.de\/index.php?rest_route=\/wp\/v2\/types\/page"}],"author":[{"embeddable":true,"href":"https:\/\/coresonic.de\/index.php?rest_route=\/wp\/v2\/users\/1"}],"replies":[{"embeddable":true,"href":"https:\/\/coresonic.de\/index.php?rest_route=%2Fwp%2Fv2%2Fcomments&post=2"}],"version-history":[{"count":17,"href":"https:\/\/coresonic.de\/index.php?rest_route=\/wp\/v2\/pages\/2\/revisions"}],"predecessor-version":[{"id":191,"href":"https:\/\/coresonic.de\/index.php?rest_route=\/wp\/v2\/pages\/2\/revisions\/191"}],"wp:attachment":[{"href":"https:\/\/coresonic.de\/index.php?rest_route=%2Fwp%2Fv2%2Fmedia&parent=2"}],"curies":[{"name":"wp","href":"https:\/\/api.w.org\/{rel}","templated":true}]}}